{"id":380,"date":"2021-08-13T15:51:03","date_gmt":"2021-08-13T13:51:03","guid":{"rendered":"https:\/\/www.mathez-art-logistics.com\/?page_id=380"},"modified":"2026-02-19T17:55:43","modified_gmt":"2026-02-19T16:55:43","slug":"notre-groupe","status":"publish","type":"page","link":"https:\/\/www.mathez-art-logistics.com\/fr\/notre-groupe\/","title":{"rendered":"Notre Groupe"},"content":{"rendered":"\t\t<div data-elementor-type=\"wp-page\" data-elementor-id=\"380\" class=\"elementor elementor-380\" data-elementor-post-type=\"page\">\n\t\t\t\t\t\t<section class=\"elementor-section elementor-top-section elementor-element elementor-element-49e0f8f elementor-section-boxed elementor-section-height-default elementor-section-height-default\" data-id=\"49e0f8f\" data-element_type=\"section\">\n\t\t\t\t\t\t<div class=\"elementor-container elementor-column-gap-default\">\n\t\t\t\t\t<div class=\"elementor-column elementor-col-100 elementor-top-column elementor-element elementor-element-15605d53\" data-id=\"15605d53\" data-element_type=\"column\">\n\t\t\t<div class=\"elementor-widget-wrap elementor-element-populated\">\n\t\t\t\t\t\t<div class=\"elementor-element elementor-element-20768743 dbl-sliders elementor--h-position-center elementor--v-position-middle elementor-arrows-position-inside elementor-widget elementor-widget-slides\" data-id=\"20768743\" data-element_type=\"widget\" data-settings=\"{&quot;navigation&quot;:&quot;arrows&quot;,&quot;autoplay&quot;:&quot;yes&quot;,&quot;pause_on_hover&quot;:&quot;yes&quot;,&quot;pause_on_interaction&quot;:&quot;yes&quot;,&quot;autoplay_speed&quot;:5000,&quot;infinite&quot;:&quot;yes&quot;,&quot;transition&quot;:&quot;slide&quot;,&quot;transition_speed&quot;:500}\" data-widget_type=\"slides.default\">\n\t\t\t\t<div class=\"elementor-widget-container\">\n\t\t\t\t\t\t\t\t\t<div class=\"elementor-swiper\">\n\t\t\t\t\t<div class=\"elementor-slides-wrapper elementor-main-swiper swiper\" role=\"region\" aria-roledescription=\"carousel\" aria-label=\"Slides\" dir=\"ltr\" data-animation=\"fadeInUp\">\n\t\t\t\t<div class=\"swiper-wrapper elementor-slides\">\n\t\t\t\t\t\t\t\t\t\t<div class=\"elementor-repeater-item-5f98e04 swiper-slide\" role=\"group\" aria-roledescription=\"slide\"><div class=\"swiper-slide-bg\" role=\"img\"><\/div><div class=\"swiper-slide-inner\" ><div class=\"swiper-slide-contents\"><div class=\"elementor-slide-heading\">La puissance d\u2019un groupe, la flexibilit\u00e9 d\u2019une PME<\/div><\/div><\/div><\/div>\t\t\t\t<\/div>\n\t\t\t\t\t\t\t<\/div>\n\t\t\t\t<\/div>\n\t\t\t\t\t\t\t\t<\/div>\n\t\t\t\t<\/div>\n\t\t\t\t\t<\/div>\n\t\t<\/div>\n\t\t\t\t\t<\/div>\n\t\t<\/section>\n\t\t\t\t<section class=\"elementor-section elementor-top-section elementor-element elementor-element-28b2c681 elementor-section-boxed elementor-section-height-default elementor-section-height-default\" data-id=\"28b2c681\" data-element_type=\"section\" data-settings=\"{&quot;background_background&quot;:&quot;classic&quot;}\">\n\t\t\t\t\t\t<div class=\"elementor-container elementor-column-gap-default\">\n\t\t\t\t\t<div class=\"elementor-column elementor-col-66 elementor-top-column elementor-element elementor-element-1936a3f1\" data-id=\"1936a3f1\" data-element_type=\"column\" data-settings=\"{&quot;background_background&quot;:&quot;classic&quot;}\">\n\t\t\t<div class=\"elementor-widget-wrap elementor-element-populated\">\n\t\t\t\t\t\t<div class=\"elementor-element elementor-element-79a036d7 elementor-widget elementor-widget-heading\" data-id=\"79a036d7\" data-element_type=\"widget\" data-widget_type=\"heading.default\">\n\t\t\t\t<div class=\"elementor-widget-container\">\n\t\t\t\t\t<h1 class=\"elementor-heading-title elementor-size-default\">Notre Groupe<\/h1>\t\t\t\t<\/div>\n\t\t\t\t<\/div>\n\t\t\t\t<div class=\"elementor-element elementor-element-3ffeb2f6 elementor-widget elementor-widget-text-editor\" data-id=\"3ffeb2f6\" data-element_type=\"widget\" data-widget_type=\"text-editor.default\">\n\t\t\t\t<div class=\"elementor-widget-container\">\n\t\t\t\t\t\t\t\t\t<p><strong>1132Notre sp\u00e9cialit\u00e9<\/strong>&nbsp;: MATHEZ ART LOGISTICS, anciennement connu sous le nom de MMCI ART LOGISTICS, est un d\u00e9partement de&nbsp;<a title=\"Mathez Monaco (MMCI)\" href=\"https:\/\/www.mathez-monaco.com\/\" target=\"_blank\" rel=\"noopener\">MATHEZ MONACO<\/a>&nbsp;sp\u00e9cialis\u00e9 dans le transport d&rsquo;art et la logistique \u00e9v\u00e9nementielle.&nbsp;Nous proposons des solutions sur mesure pour les galeries, mus\u00e9es, th\u00e9\u00e2tres et maisons de vente.&nbsp;A Paris et Monaco, une \u00e9quipe de professionnels de la logistique, amateurs d\u2019art, polyglottes et internationaux, prend en charge vos demandes dans toute la France et \u00e0 l\u2019international, en s\u2019appuyant sur un r\u00e9seau d\u2019agents dans 191 pays et sur la puissance du groupe de transport MATHEZ FREIGHT.<\/p>\n<p><strong>Notre groupe<\/strong>&nbsp;: MATHEZ MONACO, \u00e9galement connu sous le nom de MMCI (MATHEZ MONACO INTERNATIONAL S.A.M.), est une soci\u00e9t\u00e9 s\u0153ur de&nbsp;<a title=\"Mathez Freight\" href=\"https:\/\/www.mathezfreight.com\/fr\/\" target=\"_blank\" rel=\"noopener\">MATHEZ FREIGHT<\/a>. Fond\u00e9e \u00e0 Nice en 1950, MATHEZ FREIGHT est devenue un important transitaire et courtier en douane en France avec 17 bureaux en France et \u00e0 Monaco, et un r\u00e9seau de partenaires couvrant 1132 villes, ports et a\u00e9roports dans 196 pays. Agent agr\u00e9\u00e9 IATA, FIATA, FONASBA, il a obtenu le statut d&rsquo;Op\u00e9rateur Economique Plein-Autoris\u00e9 (OEA-Full) par la Commission europ\u00e9enne en 2013.<\/p>\n<p><strong>Nos valeurs<\/strong>&nbsp;:&nbsp;Notre groupe dispose d\u2019une tr\u00e8s bonne puissance d\u2019achat, nous permettant de bien nous placer dans le march\u00e9 actuel, tout en conservant notre dimension&nbsp;humaine&nbsp;et familiale, afin d\u2019assurer un service personnalis\u00e9 \u00e0 nos clients.&nbsp;Lorsque l\u2019industrie du transport se regroupe pour optimiser ses profits, nous proposons des solutions&nbsp;sur mesure&nbsp;pour r\u00e9pondre \u00e0 votre besoin.&nbsp;<br>Notre groupe privil\u00e9gie les solutions&nbsp;dynamisant&nbsp;les ressources et emplois dans chaque r\u00e9gion o\u00f9 nous investissons.<\/p>\t\t\t\t\t\t\t\t<\/div>\n\t\t\t\t<\/div>\n\t\t\t\t\t<\/div>\n\t\t<\/div>\n\t\t\t\t<div class=\"elementor-column elementor-col-33 elementor-top-column elementor-element elementor-element-40672c44\" data-id=\"40672c44\" data-element_type=\"column\" data-settings=\"{&quot;background_background&quot;:&quot;classic&quot;}\">\n\t\t\t<div class=\"elementor-widget-wrap elementor-element-populated\">\n\t\t\t\t\t<div class=\"elementor-background-overlay\"><\/div>\n\t\t\t\t\t\t<section class=\"elementor-section elementor-inner-section elementor-element elementor-element-5ea98793 elementor-section-boxed elementor-section-height-default elementor-section-height-default\" data-id=\"5ea98793\" data-element_type=\"section\">\n\t\t\t\t\t\t<div class=\"elementor-container elementor-column-gap-default\">\n\t\t\t\t\t<div class=\"elementor-column elementor-col-100 elementor-inner-column elementor-element elementor-element-2d1a197a\" data-id=\"2d1a197a\" data-element_type=\"column\" data-settings=\"{&quot;background_background&quot;:&quot;classic&quot;}\">\n\t\t\t<div class=\"elementor-widget-wrap elementor-element-populated\">\n\t\t\t\t\t\t<div class=\"elementor-element elementor-element-7b93486 elementor-widget elementor-widget-spacer\" data-id=\"7b93486\" data-element_type=\"widget\" data-widget_type=\"spacer.default\">\n\t\t\t\t<div class=\"elementor-widget-container\">\n\t\t\t\t\t\t\t<div class=\"elementor-spacer\">\n\t\t\t<div class=\"elementor-spacer-inner\"><\/div>\n\t\t<\/div>\n\t\t\t\t\t\t<\/div>\n\t\t\t\t<\/div>\n\t\t\t\t<div class=\"elementor-element elementor-element-5024acc elementor-widget__width-initial elementor-widget elementor-widget-text-editor\" data-id=\"5024acc\" data-element_type=\"widget\" data-widget_type=\"text-editor.default\">\n\t\t\t\t<div class=\"elementor-widget-container\">\n\t\t\t\t\t\t\t\t\t<p>Des solutions sur mesure pour r\u00e9pondre \u00e0 vos besoins<\/p>\t\t\t\t\t\t\t\t<\/div>\n\t\t\t\t<\/div>\n\t\t\t\t<div class=\"elementor-element elementor-element-66de2c04 elementor-pagination-position-inside elementor-widget__width-initial elementor-skin-carousel elementor-pagination-type-bullets elementor-widget elementor-widget-media-carousel\" data-id=\"66de2c04\" data-element_type=\"widget\" data-settings=\"{&quot;slides_per_view&quot;:&quot;1&quot;,&quot;skin&quot;:&quot;carousel&quot;,&quot;effect&quot;:&quot;slide&quot;,&quot;pagination&quot;:&quot;bullets&quot;,&quot;speed&quot;:500,&quot;autoplay&quot;:&quot;yes&quot;,&quot;autoplay_speed&quot;:5000,&quot;loop&quot;:&quot;yes&quot;,&quot;pause_on_hover&quot;:&quot;yes&quot;,&quot;pause_on_interaction&quot;:&quot;yes&quot;,&quot;space_between&quot;:{&quot;unit&quot;:&quot;px&quot;,&quot;size&quot;:10,&quot;sizes&quot;:[]},&quot;space_between_tablet&quot;:{&quot;unit&quot;:&quot;px&quot;,&quot;size&quot;:10,&quot;sizes&quot;:[]},&quot;space_between_mobile&quot;:{&quot;unit&quot;:&quot;px&quot;,&quot;size&quot;:10,&quot;sizes&quot;:[]}}\" data-widget_type=\"media-carousel.default\">\n\t\t\t\t<div class=\"elementor-widget-container\">\n\t\t\t\t\t\t\t\t\t<div class=\"elementor-swiper\">\n\t\t\t\t\t<div class=\"elementor-main-swiper swiper\" role=\"region\" aria-roledescription=\"carousel\" aria-label=\"Slides\">\n\t\t\t\t<div class=\"swiper-wrapper\">\n\t\t\t\t\t\t\t\t\t\t\t<div class=\"swiper-slide\" role=\"group\" aria-roledescription=\"slide\">\n\t\t\t\t\t\t\t\t\t<div class=\"elementor-carousel-image\" role=\"img\" aria-label=\"01\" style=\"background-image: url(&#039;https:\/\/www.mathez-art-logistics.com\/wp-content\/uploads\/2021\/08\/01.jpg&#039;)\">\n\n\t\t\t\n\t\t\t\t\t<\/div>\n\t\t\t\t\t\t\t\t<\/div>\n\t\t\t\t\t\t\t\t\t\t\t<div class=\"swiper-slide\" role=\"group\" aria-roledescription=\"slide\">\n\t\t\t\t\t\t\t\t\t<div class=\"elementor-carousel-image\" role=\"img\" aria-label=\"02\" style=\"background-image: url(&#039;https:\/\/www.mathez-art-logistics.com\/wp-content\/uploads\/2021\/08\/02.jpg&#039;)\">\n\n\t\t\t\n\t\t\t\t\t<\/div>\n\t\t\t\t\t\t\t\t<\/div>\n\t\t\t\t\t\t\t\t\t\t\t<div class=\"swiper-slide\" role=\"group\" aria-roledescription=\"slide\">\n\t\t\t\t\t\t\t\t\t<div class=\"elementor-carousel-image\" role=\"img\" aria-label=\"03\" style=\"background-image: url(&#039;https:\/\/www.mathez-art-logistics.com\/wp-content\/uploads\/2021\/08\/03.jpg&#039;)\">\n\n\t\t\t\n\t\t\t\t\t<\/div>\n\t\t\t\t\t\t\t\t<\/div>\n\t\t\t\t\t\t\t\t\t\t\t<div class=\"swiper-slide\" role=\"group\" aria-roledescription=\"slide\">\n\t\t\t\t\t\t\t\t\t<div class=\"elementor-carousel-image\" role=\"img\" aria-label=\"04\" style=\"background-image: url(&#039;https:\/\/www.mathez-art-logistics.com\/wp-content\/uploads\/2021\/08\/04.jpg&#039;)\">\n\n\t\t\t\n\t\t\t\t\t<\/div>\n\t\t\t\t\t\t\t\t<\/div>\n\t\t\t\t\t\t\t\t\t\t\t<div class=\"swiper-slide\" role=\"group\" aria-roledescription=\"slide\">\n\t\t\t\t\t\t\t\t\t<div class=\"elementor-carousel-image\" role=\"img\" aria-label=\"05\" style=\"background-image: url(&#039;https:\/\/www.mathez-art-logistics.com\/wp-content\/uploads\/2021\/08\/05.jpg&#039;)\">\n\n\t\t\t\n\t\t\t\t\t<\/div>\n\t\t\t\t\t\t\t\t<\/div>\n\t\t\t\t\t\t\t\t\t\t\t<div class=\"swiper-slide\" role=\"group\" aria-roledescription=\"slide\">\n\t\t\t\t\t\t\t\t\t<div class=\"elementor-carousel-image\" role=\"img\" aria-label=\"06\" style=\"background-image: url(&#039;https:\/\/www.mathez-art-logistics.com\/wp-content\/uploads\/2021\/08\/06.jpg&#039;)\">\n\n\t\t\t\n\t\t\t\t\t<\/div>\n\t\t\t\t\t\t\t\t<\/div>\n\t\t\t\t\t\t\t\t\t\t\t<div class=\"swiper-slide\" role=\"group\" aria-roledescription=\"slide\">\n\t\t\t\t\t\t\t\t\t<div class=\"elementor-carousel-image\" role=\"img\" aria-label=\"07\" style=\"background-image: url(&#039;https:\/\/www.mathez-art-logistics.com\/wp-content\/uploads\/2021\/08\/07.jpg&#039;)\">\n\n\t\t\t\n\t\t\t\t\t<\/div>\n\t\t\t\t\t\t\t\t<\/div>\n\t\t\t\t\t\t\t\t\t<\/div>\n\t\t\t\t\t\t\t\t\t\t\t\t\t\t\t\t\t\t\t\t<div class=\"swiper-pagination\"><\/div>\n\t\t\t\t\t\t\t\t\t\t\t\t<\/div>\n\t\t\t\t<\/div>\n\t\t\t\t\t\t\t\t<\/div>\n\t\t\t\t<\/div>\n\t\t\t\t\t<\/div>\n\t\t<\/div>\n\t\t\t\t\t<\/div>\n\t\t<\/section>\n\t\t\t\t\t<\/div>\n\t\t<\/div>\n\t\t\t\t\t<\/div>\n\t\t<\/section>\n\t\t\t\t<\/div>\n\t\t","protected":false},"excerpt":{"rendered":"<p>La puissance d\u2019un groupe, la flexibilit\u00e9 d\u2019une PME 1132Notre sp\u00e9cialit\u00e9&nbsp;: MATHEZ ART LOGISTICS, anciennement connu sous le nom de MMCI ART LOGISTICS, est un d\u00e9partement de&nbsp;MATHEZ MONACO&nbsp;sp\u00e9cialis\u00e9 dans le transport d&rsquo;art et la logistique \u00e9v\u00e9nementielle.&nbsp;Nous proposons des solutions sur mesure pour les galeries, mus\u00e9es, th\u00e9\u00e2tres et maisons de vente.&nbsp;A Paris et Monaco, une \u00e9quipe de [&hellip;]<\/p>\n","protected":false},"author":1,"featured_media":0,"parent":0,"menu_order":0,"comment_status":"closed","ping_status":"closed","template":"","meta":{"iawp_total_views":211,"footnotes":""},"class_list":["post-380","page","type-page","status-publish","hentry"],"_links":{"self":[{"href":"https:\/\/www.mathez-art-logistics.com\/fr\/wp-json\/wp\/v2\/pages\/380","targetHints":{"allow":["GET"]}}],"collection":[{"href":"https:\/\/www.mathez-art-logistics.com\/fr\/wp-json\/wp\/v2\/pages"}],"about":[{"href":"https:\/\/www.mathez-art-logistics.com\/fr\/wp-json\/wp\/v2\/types\/page"}],"author":[{"embeddable":true,"href":"https:\/\/www.mathez-art-logistics.com\/fr\/wp-json\/wp\/v2\/users\/1"}],"replies":[{"embeddable":true,"href":"https:\/\/www.mathez-art-logistics.com\/fr\/wp-json\/wp\/v2\/comments?post=380"}],"version-history":[{"count":22,"href":"https:\/\/www.mathez-art-logistics.com\/fr\/wp-json\/wp\/v2\/pages\/380\/revisions"}],"predecessor-version":[{"id":1166,"href":"https:\/\/www.mathez-art-logistics.com\/fr\/wp-json\/wp\/v2\/pages\/380\/revisions\/1166"}],"wp:attachment":[{"href":"https:\/\/www.mathez-art-logistics.com\/fr\/wp-json\/wp\/v2\/media?parent=380"}],"curies":[{"name":"wp","href":"https:\/\/api.w.org\/{rel}","templated":true}]}}