{"id":332,"date":"2021-08-13T15:39:08","date_gmt":"2021-08-13T13:39:08","guid":{"rendered":"https:\/\/www.mathez-art-logistics.com\/?page_id=332"},"modified":"2021-08-16T09:42:29","modified_gmt":"2021-08-16T07:42:29","slug":"services","status":"publish","type":"page","link":"https:\/\/www.mathez-art-logistics.com\/fr\/services\/","title":{"rendered":"Services"},"content":{"rendered":"\t\t<div data-elementor-type=\"wp-page\" data-elementor-id=\"332\" class=\"elementor elementor-332\" data-elementor-post-type=\"page\">\n\t\t\t\t\t\t<section class=\"elementor-section elementor-top-section elementor-element elementor-element-307a240c elementor-section-boxed elementor-section-height-default elementor-section-height-default\" data-id=\"307a240c\" data-element_type=\"section\" data-e-type=\"section\">\n\t\t\t\t\t\t<div class=\"elementor-container elementor-column-gap-default\">\n\t\t\t\t\t<div class=\"elementor-column elementor-col-100 elementor-top-column elementor-element elementor-element-28cfdb47\" data-id=\"28cfdb47\" data-element_type=\"column\" data-e-type=\"column\">\n\t\t\t<div class=\"elementor-widget-wrap elementor-element-populated\">\n\t\t\t\t\t\t<div class=\"elementor-element elementor-element-11a4ee9d dbl-sliders elementor--h-position-center elementor--v-position-middle elementor-arrows-position-inside elementor-widget elementor-widget-slides\" data-id=\"11a4ee9d\" data-element_type=\"widget\" data-e-type=\"widget\" data-settings=\"{&quot;navigation&quot;:&quot;arrows&quot;,&quot;autoplay&quot;:&quot;yes&quot;,&quot;pause_on_hover&quot;:&quot;yes&quot;,&quot;pause_on_interaction&quot;:&quot;yes&quot;,&quot;autoplay_speed&quot;:5000,&quot;infinite&quot;:&quot;yes&quot;,&quot;transition&quot;:&quot;slide&quot;,&quot;transition_speed&quot;:500}\" data-widget_type=\"slides.default\">\n\t\t\t\t<div class=\"elementor-widget-container\">\n\t\t\t\t\t\t\t\t\t<div class=\"elementor-swiper\">\n\t\t\t\t\t<div class=\"elementor-slides-wrapper elementor-main-swiper swiper\" role=\"region\" aria-roledescription=\"carousel\" aria-label=\"Slides\" dir=\"ltr\" data-animation=\"fadeInUp\">\n\t\t\t\t<div class=\"swiper-wrapper elementor-slides\">\n\t\t\t\t\t\t\t\t\t\t<div class=\"elementor-repeater-item-5f98e04 swiper-slide\" role=\"group\" aria-roledescription=\"slide\"><div class=\"swiper-slide-bg\" role=\"img\" aria-label=\"services\"><\/div><div class=\"swiper-slide-inner\" ><div class=\"swiper-slide-contents\"><div class=\"elementor-slide-heading\">Une gamme compl\u00e8te de services pour vous \u00e9pauler<\/div><\/div><\/div><\/div>\t\t\t\t<\/div>\n\t\t\t\t\t\t\t<\/div>\n\t\t\t\t<\/div>\n\t\t\t\t\t\t\t\t<\/div>\n\t\t\t\t<\/div>\n\t\t\t\t\t<\/div>\n\t\t<\/div>\n\t\t\t\t\t<\/div>\n\t\t<\/section>\n\t\t\t\t<section class=\"elementor-section elementor-top-section elementor-element elementor-element-78cde921 elementor-section-boxed elementor-section-height-default elementor-section-height-default\" data-id=\"78cde921\" data-element_type=\"section\" data-e-type=\"section\" data-settings=\"{&quot;background_background&quot;:&quot;classic&quot;}\">\n\t\t\t\t\t\t<div class=\"elementor-container elementor-column-gap-default\">\n\t\t\t\t\t<div class=\"elementor-column elementor-col-66 elementor-top-column elementor-element elementor-element-71f09183\" data-id=\"71f09183\" data-element_type=\"column\" data-e-type=\"column\" data-settings=\"{&quot;background_background&quot;:&quot;classic&quot;}\">\n\t\t\t<div class=\"elementor-widget-wrap elementor-element-populated\">\n\t\t\t\t\t\t<div class=\"elementor-element elementor-element-1277950b elementor-widget elementor-widget-heading\" data-id=\"1277950b\" data-element_type=\"widget\" data-e-type=\"widget\" data-widget_type=\"heading.default\">\n\t\t\t\t<div class=\"elementor-widget-container\">\n\t\t\t\t\t<h1 class=\"elementor-heading-title elementor-size-default\">Services<\/h1>\t\t\t\t<\/div>\n\t\t\t\t<\/div>\n\t\t\t\t<div class=\"elementor-element elementor-element-4a3f4f8a elementor-widget elementor-widget-text-editor\" data-id=\"4a3f4f8a\" data-element_type=\"widget\" data-e-type=\"widget\" data-widget_type=\"text-editor.default\">\n\t\t\t\t<div class=\"elementor-widget-container\">\n\t\t\t\t\t\t\t\t\t<h2>Douane<\/h2><p>Commissionnaires en douane dans tous nos bureaux, nous\u00a0<strong>maitrisons<\/strong>\u00a0l\u2019ensemble des formalit\u00e9s d\u2019importation, d\u2019exportation et de transit. Nous\u00a0<strong>pr\u00e9parons<\/strong>\u00a0avec vous la documentation n\u00e9cessaire pour \u00e9viter toute perte de temps dans vos exp\u00e9ditions.<\/p><p>Vous appr\u00e9cierez nos\u00a0<strong>d\u00e9marches<\/strong>\u00a0aupr\u00e8s des Mus\u00e9es de France, indispensables \u00e0 l\u2019obtention des licences d\u2019exportation et des passeports.<\/p><h2>Showroom<\/h2><p>Un showroom situ\u00e9 \u00e0 Monaco est \u00e0 votre disposition pour la\u00a0<strong>pr\u00e9sentation<\/strong>\u00a0de vos \u0153uvres dans les meilleures conditions de s\u00e9curit\u00e9 et de confidentialit\u00e9.<\/p><h2>Stockage<\/h2><p>Dans nos locaux s\u00e9curis\u00e9s \u00e0 Nice et Monaco, vos \u0153uvres pourront transiter pour une courte dur\u00e9e ou \u00eatre stock\u00e9es sur du long terme.<\/p><h2>Assurance<\/h2><p>Parce qu\u2019ils connaissent notre\u00a0<strong>s\u00e9rieux<\/strong>, nos assureurs peuvent couvrir vos op\u00e9rations \u00e0 un taux pr\u00e9f\u00e9rentiel, sur simple demande, de clou \u00e0 clou.<\/p><h2>Conseil en logistique<\/h2><p>Forts de plus de 20 ans\u00a0<strong>d\u2019exp\u00e9rience<\/strong>, nous vous accompagnons dans la planification de vos projets, afin d\u2019optimiser les co\u00fbts et d\u2019anticiper les r\u00e9glementations sp\u00e9cifiques \u00e0 chaque pays.<\/p>\t\t\t\t\t\t\t\t<\/div>\n\t\t\t\t<\/div>\n\t\t\t\t\t<\/div>\n\t\t<\/div>\n\t\t\t\t<div class=\"elementor-column elementor-col-33 elementor-top-column elementor-element elementor-element-137bcd66\" data-id=\"137bcd66\" data-element_type=\"column\" data-e-type=\"column\" data-settings=\"{&quot;background_background&quot;:&quot;classic&quot;}\">\n\t\t\t<div class=\"elementor-widget-wrap elementor-element-populated\">\n\t\t\t\t\t<div class=\"elementor-background-overlay\"><\/div>\n\t\t\t\t\t\t<section class=\"elementor-section elementor-inner-section elementor-element elementor-element-42969707 elementor-section-boxed elementor-section-height-default elementor-section-height-default\" data-id=\"42969707\" data-element_type=\"section\" data-e-type=\"section\">\n\t\t\t\t\t\t<div class=\"elementor-container elementor-column-gap-default\">\n\t\t\t\t\t<div class=\"elementor-column elementor-col-100 elementor-inner-column elementor-element elementor-element-1ce0231e\" data-id=\"1ce0231e\" data-element_type=\"column\" data-e-type=\"column\" data-settings=\"{&quot;background_background&quot;:&quot;classic&quot;}\">\n\t\t\t<div class=\"elementor-widget-wrap elementor-element-populated\">\n\t\t\t\t\t\t<div class=\"elementor-element elementor-element-521e5d0d elementor-widget elementor-widget-spacer\" data-id=\"521e5d0d\" data-element_type=\"widget\" data-e-type=\"widget\" data-widget_type=\"spacer.default\">\n\t\t\t\t<div class=\"elementor-widget-container\">\n\t\t\t\t\t\t\t<div class=\"elementor-spacer\">\n\t\t\t<div class=\"elementor-spacer-inner\"><\/div>\n\t\t<\/div>\n\t\t\t\t\t\t<\/div>\n\t\t\t\t<\/div>\n\t\t\t\t<div class=\"elementor-element elementor-element-3ec5aeb1 elementor-widget__width-initial elementor-widget elementor-widget-text-editor\" data-id=\"3ec5aeb1\" data-element_type=\"widget\" data-e-type=\"widget\" data-widget_type=\"text-editor.default\">\n\t\t\t\t<div class=\"elementor-widget-container\">\n\t\t\t\t\t\t\t\t\t<p>Un contact unique pour des prestations multiples !<\/p>\t\t\t\t\t\t\t\t<\/div>\n\t\t\t\t<\/div>\n\t\t\t\t<div class=\"elementor-element elementor-element-53bd5bf7 elementor-pagination-position-inside elementor-widget__width-initial elementor-skin-carousel elementor-pagination-type-bullets elementor-widget elementor-widget-media-carousel\" data-id=\"53bd5bf7\" data-element_type=\"widget\" data-e-type=\"widget\" data-settings=\"{&quot;slides_per_view&quot;:&quot;1&quot;,&quot;skin&quot;:&quot;carousel&quot;,&quot;effect&quot;:&quot;slide&quot;,&quot;pagination&quot;:&quot;bullets&quot;,&quot;speed&quot;:500,&quot;autoplay&quot;:&quot;yes&quot;,&quot;autoplay_speed&quot;:5000,&quot;loop&quot;:&quot;yes&quot;,&quot;pause_on_hover&quot;:&quot;yes&quot;,&quot;pause_on_interaction&quot;:&quot;yes&quot;,&quot;space_between&quot;:{&quot;unit&quot;:&quot;px&quot;,&quot;size&quot;:10,&quot;sizes&quot;:[]},&quot;space_between_tablet&quot;:{&quot;unit&quot;:&quot;px&quot;,&quot;size&quot;:10,&quot;sizes&quot;:[]},&quot;space_between_mobile&quot;:{&quot;unit&quot;:&quot;px&quot;,&quot;size&quot;:10,&quot;sizes&quot;:[]}}\" data-widget_type=\"media-carousel.default\">\n\t\t\t\t<div class=\"elementor-widget-container\">\n\t\t\t\t\t\t\t\t\t<div class=\"elementor-swiper\">\n\t\t\t\t\t<div class=\"elementor-main-swiper swiper\" role=\"region\" aria-roledescription=\"carousel\" aria-label=\"Slides\">\n\t\t\t\t<div class=\"swiper-wrapper\">\n\t\t\t\t\t\t\t\t\t\t\t<div class=\"swiper-slide\" role=\"group\" aria-roledescription=\"slide\">\n\t\t\t\t\t\t\t\t\t<div class=\"elementor-carousel-image\" role=\"img\" aria-label=\"image-01\" style=\"background-image: url(&#039;https:\/\/www.mathez-art-logistics.com\/wp-content\/uploads\/2021\/08\/image-01-2.jpg&#039;)\">\n\n\t\t\t\n\t\t\t\t\t<\/div>\n\t\t\t\t\t\t\t\t<\/div>\n\t\t\t\t\t\t\t\t\t\t\t<div class=\"swiper-slide\" role=\"group\" aria-roledescription=\"slide\">\n\t\t\t\t\t\t\t\t\t<div class=\"elementor-carousel-image\" role=\"img\" aria-label=\"image-03\" style=\"background-image: url(&#039;https:\/\/www.mathez-art-logistics.com\/wp-content\/uploads\/2021\/08\/image-03-2.jpg&#039;)\">\n\n\t\t\t\n\t\t\t\t\t<\/div>\n\t\t\t\t\t\t\t\t<\/div>\n\t\t\t\t\t\t\t\t\t\t\t<div class=\"swiper-slide\" role=\"group\" aria-roledescription=\"slide\">\n\t\t\t\t\t\t\t\t\t<div class=\"elementor-carousel-image\" role=\"img\" aria-label=\"image-04\" style=\"background-image: url(&#039;https:\/\/www.mathez-art-logistics.com\/wp-content\/uploads\/2021\/08\/image-04-2.jpg&#039;)\">\n\n\t\t\t\n\t\t\t\t\t<\/div>\n\t\t\t\t\t\t\t\t<\/div>\n\t\t\t\t\t\t\t\t\t<\/div>\n\t\t\t\t\t\t\t\t\t\t\t\t\t\t\t\t\t\t\t\t<div class=\"swiper-pagination\"><\/div>\n\t\t\t\t\t\t\t\t\t\t\t\t<\/div>\n\t\t\t\t<\/div>\n\t\t\t\t\t\t\t\t<\/div>\n\t\t\t\t<\/div>\n\t\t\t\t\t<\/div>\n\t\t<\/div>\n\t\t\t\t\t<\/div>\n\t\t<\/section>\n\t\t\t\t\t<\/div>\n\t\t<\/div>\n\t\t\t\t\t<\/div>\n\t\t<\/section>\n\t\t\t\t<\/div>\n\t\t","protected":false},"excerpt":{"rendered":"<p>Une gamme compl\u00e8te de services pour vous \u00e9pauler Douane Commissionnaires en douane dans tous nos bureaux, nous\u00a0maitrisons\u00a0l\u2019ensemble des formalit\u00e9s d\u2019importation, d\u2019exportation et de transit. Nous\u00a0pr\u00e9parons\u00a0avec vous la documentation n\u00e9cessaire pour \u00e9viter toute perte de temps dans vos exp\u00e9ditions. Vous appr\u00e9cierez nos\u00a0d\u00e9marches\u00a0aupr\u00e8s des Mus\u00e9es de France, indispensables \u00e0 l\u2019obtention des licences d\u2019exportation et des passeports. Showroom [&hellip;]<\/p>\n","protected":false},"author":1,"featured_media":0,"parent":0,"menu_order":0,"comment_status":"closed","ping_status":"closed","template":"","meta":{"iawp_total_views":129,"footnotes":""},"class_list":["post-332","page","type-page","status-publish","hentry"],"_links":{"self":[{"href":"https:\/\/www.mathez-art-logistics.com\/fr\/wp-json\/wp\/v2\/pages\/332","targetHints":{"allow":["GET"]}}],"collection":[{"href":"https:\/\/www.mathez-art-logistics.com\/fr\/wp-json\/wp\/v2\/pages"}],"about":[{"href":"https:\/\/www.mathez-art-logistics.com\/fr\/wp-json\/wp\/v2\/types\/page"}],"author":[{"embeddable":true,"href":"https:\/\/www.mathez-art-logistics.com\/fr\/wp-json\/wp\/v2\/users\/1"}],"replies":[{"embeddable":true,"href":"https:\/\/www.mathez-art-logistics.com\/fr\/wp-json\/wp\/v2\/comments?post=332"}],"version-history":[{"count":25,"href":"https:\/\/www.mathez-art-logistics.com\/fr\/wp-json\/wp\/v2\/pages\/332\/revisions"}],"predecessor-version":[{"id":628,"href":"https:\/\/www.mathez-art-logistics.com\/fr\/wp-json\/wp\/v2\/pages\/332\/revisions\/628"}],"wp:attachment":[{"href":"https:\/\/www.mathez-art-logistics.com\/fr\/wp-json\/wp\/v2\/media?parent=332"}],"curies":[{"name":"wp","href":"https:\/\/api.w.org\/{rel}","templated":true}]}}