{"id":271,"date":"2021-08-13T15:07:57","date_gmt":"2021-08-13T13:07:57","guid":{"rendered":"https:\/\/www.mathez-art-logistics.com\/?page_id=271"},"modified":"2026-02-19T17:55:17","modified_gmt":"2026-02-19T16:55:17","slug":"transport","status":"publish","type":"page","link":"https:\/\/www.mathez-art-logistics.com\/fr\/transport\/","title":{"rendered":"Transport"},"content":{"rendered":"\t\t<div data-elementor-type=\"wp-page\" data-elementor-id=\"271\" class=\"elementor elementor-271\" data-elementor-post-type=\"page\">\n\t\t\t\t\t\t<section class=\"elementor-section elementor-top-section elementor-element elementor-element-1027564c elementor-section-boxed elementor-section-height-default elementor-section-height-default\" data-id=\"1027564c\" data-element_type=\"section\" data-e-type=\"section\">\n\t\t\t\t\t\t<div class=\"elementor-container elementor-column-gap-default\">\n\t\t\t\t\t<div class=\"elementor-column elementor-col-100 elementor-top-column elementor-element elementor-element-4cb55e77\" data-id=\"4cb55e77\" data-element_type=\"column\" data-e-type=\"column\">\n\t\t\t<div class=\"elementor-widget-wrap elementor-element-populated\">\n\t\t\t\t\t\t<div class=\"elementor-element elementor-element-1f3ad739 dbl-sliders elementor--h-position-center elementor--v-position-middle elementor-arrows-position-inside elementor-widget elementor-widget-slides\" data-id=\"1f3ad739\" data-element_type=\"widget\" data-e-type=\"widget\" data-settings=\"{&quot;navigation&quot;:&quot;arrows&quot;,&quot;autoplay&quot;:&quot;yes&quot;,&quot;pause_on_hover&quot;:&quot;yes&quot;,&quot;pause_on_interaction&quot;:&quot;yes&quot;,&quot;autoplay_speed&quot;:5000,&quot;infinite&quot;:&quot;yes&quot;,&quot;transition&quot;:&quot;slide&quot;,&quot;transition_speed&quot;:500}\" data-widget_type=\"slides.default\">\n\t\t\t\t<div class=\"elementor-widget-container\">\n\t\t\t\t\t\t\t\t\t<div class=\"elementor-swiper\">\n\t\t\t\t\t<div class=\"elementor-slides-wrapper elementor-main-swiper swiper\" role=\"region\" aria-roledescription=\"carousel\" aria-label=\"Slides\" dir=\"ltr\" data-animation=\"fadeInUp\">\n\t\t\t\t<div class=\"swiper-wrapper elementor-slides\">\n\t\t\t\t\t\t\t\t\t\t<div class=\"elementor-repeater-item-5f98e04 swiper-slide\" role=\"group\" aria-roledescription=\"slide\"><div class=\"swiper-slide-bg\" role=\"img\" aria-label=\"banner01\"><\/div><div class=\"swiper-slide-inner\" ><div class=\"swiper-slide-contents\"><div class=\"elementor-slide-heading\">Le transport dans les r\u00e8gles de l\u2019Art<\/div><\/div><\/div><\/div>\t\t\t\t<\/div>\n\t\t\t\t\t\t\t<\/div>\n\t\t\t\t<\/div>\n\t\t\t\t\t\t\t\t<\/div>\n\t\t\t\t<\/div>\n\t\t\t\t\t<\/div>\n\t\t<\/div>\n\t\t\t\t\t<\/div>\n\t\t<\/section>\n\t\t\t\t<section class=\"elementor-section elementor-top-section elementor-element elementor-element-6f745cec elementor-section-boxed elementor-section-height-default elementor-section-height-default\" data-id=\"6f745cec\" data-element_type=\"section\" data-e-type=\"section\" data-settings=\"{&quot;background_background&quot;:&quot;classic&quot;}\">\n\t\t\t\t\t\t<div class=\"elementor-container elementor-column-gap-default\">\n\t\t\t\t\t<div class=\"elementor-column elementor-col-66 elementor-top-column elementor-element elementor-element-4b708801\" data-id=\"4b708801\" data-element_type=\"column\" data-e-type=\"column\" data-settings=\"{&quot;background_background&quot;:&quot;classic&quot;}\">\n\t\t\t<div class=\"elementor-widget-wrap elementor-element-populated\">\n\t\t\t\t\t\t<div class=\"elementor-element elementor-element-435bcfd3 elementor-widget elementor-widget-heading\" data-id=\"435bcfd3\" data-element_type=\"widget\" data-e-type=\"widget\" data-widget_type=\"heading.default\">\n\t\t\t\t<div class=\"elementor-widget-container\">\n\t\t\t\t\t<h1 class=\"elementor-heading-title elementor-size-default\">Transport<\/h1>\t\t\t\t<\/div>\n\t\t\t\t<\/div>\n\t\t\t\t<div class=\"elementor-element elementor-element-1aa071d elementor-widget elementor-widget-text-editor\" data-id=\"1aa071d\" data-element_type=\"widget\" data-e-type=\"widget\" data-widget_type=\"text-editor.default\">\n\t\t\t\t<div class=\"elementor-widget-container\">\n\t\t\t\t\t\t\t\t\t<p>Parce qu\u2019une \u0153uvre est irrempla\u00e7able, nous mettons \u00e0 votre disposition notre&nbsp;<strong>savoir-faire<\/strong>&nbsp;pour qu\u2019elle voyage dans les meilleures conditions \u00e0 chacun de ses mouvements.<\/p>\n<p>Vous nous expliquez vos contraintes (sp\u00e9cificit\u00e9s de l\u2019\u0153uvre, dimensions, urgence), et nous vous proposons un service&nbsp;<strong>adapt\u00e9<\/strong>&nbsp;et optimis\u00e9 \u00e0 vos besoins.<\/p>\n<p>Avec plus de 13000 partenaires dans 196 pays, couvrant 1132 villes, ports et a\u00e9roports, nous disposons du plus&nbsp;<strong>vaste r\u00e9seau d&rsquo;agents&nbsp;<\/strong>&nbsp;afin de suivre vos exp\u00e9ditions de \u00ab clou \u00e0 clou \u00bb.<\/p>\n<p>Nos&nbsp;<strong>sp\u00e9cialistes<\/strong>, joignables 24H\/24 \u2013 7 jours \/ 7, vous renseignent et convoient personnellement vos \u0153uvres si n\u00e9cessaire.<\/p>\n<p>En&nbsp;<strong>a\u00e9rien<\/strong>, nous sommes class\u00e9s dans le top 30 des agents IATA fran\u00e7ais. Reposez-vous sur nos agences situ\u00e9es dans les principaux a\u00e9roports, laissez-nous superviser votre acheminement.<\/p>\n<p>En&nbsp;<strong>routier<\/strong>, notre flotte de v\u00e9hicules de tout volume, sp\u00e9cialement \u00e9quip\u00e9s (suspensions pneumatiques, temp\u00e9rature dirig\u00e9e, g\u00e9olocalisation), vous apporte une s\u00e9curit\u00e9 optimale pour le transport de vos \u0153uvres.<\/p>\n<p>En&nbsp;<strong>maritime<\/strong>&nbsp;pour les pi\u00e8ces monumentales, nous mettons \u00e0 votre disposition tout type de container en fonction des sp\u00e9cificit\u00e9s de l\u2019\u0153uvre.<\/p>\t\t\t\t\t\t\t\t<\/div>\n\t\t\t\t<\/div>\n\t\t\t\t\t<\/div>\n\t\t<\/div>\n\t\t\t\t<div class=\"elementor-column elementor-col-33 elementor-top-column elementor-element elementor-element-e90fc8\" data-id=\"e90fc8\" data-element_type=\"column\" data-e-type=\"column\" data-settings=\"{&quot;background_background&quot;:&quot;classic&quot;}\">\n\t\t\t<div class=\"elementor-widget-wrap elementor-element-populated\">\n\t\t\t\t\t<div class=\"elementor-background-overlay\"><\/div>\n\t\t\t\t\t\t<section class=\"elementor-section elementor-inner-section elementor-element elementor-element-601ca66e elementor-section-boxed elementor-section-height-default elementor-section-height-default\" data-id=\"601ca66e\" data-element_type=\"section\" data-e-type=\"section\">\n\t\t\t\t\t\t<div class=\"elementor-container elementor-column-gap-default\">\n\t\t\t\t\t<div class=\"elementor-column elementor-col-100 elementor-inner-column elementor-element elementor-element-4fa3fd5b\" data-id=\"4fa3fd5b\" data-element_type=\"column\" data-e-type=\"column\" data-settings=\"{&quot;background_background&quot;:&quot;classic&quot;}\">\n\t\t\t<div class=\"elementor-widget-wrap elementor-element-populated\">\n\t\t\t\t\t\t<div class=\"elementor-element elementor-element-790fa17 elementor-widget elementor-widget-spacer\" data-id=\"790fa17\" data-element_type=\"widget\" data-e-type=\"widget\" data-widget_type=\"spacer.default\">\n\t\t\t\t<div class=\"elementor-widget-container\">\n\t\t\t\t\t\t\t<div class=\"elementor-spacer\">\n\t\t\t<div class=\"elementor-spacer-inner\"><\/div>\n\t\t<\/div>\n\t\t\t\t\t\t<\/div>\n\t\t\t\t<\/div>\n\t\t\t\t<div class=\"elementor-element elementor-element-615b4d60 elementor-widget__width-initial elementor-widget elementor-widget-text-editor\" data-id=\"615b4d60\" data-element_type=\"widget\" data-e-type=\"widget\" data-widget_type=\"text-editor.default\">\n\t\t\t\t<div class=\"elementor-widget-container\">\n\t\t\t\t\t\t\t\t\tLe transport en toute s\u00e9r\u00e9nit\u00e9, apr\u00e8s une \u00e9tude approfondie vous recevrez une offre personnalis\u00e9e.\t\t\t\t\t\t\t\t<\/div>\n\t\t\t\t<\/div>\n\t\t\t\t<div class=\"elementor-element elementor-element-f42351e elementor-pagination-position-inside elementor-widget__width-initial elementor-skin-carousel elementor-pagination-type-bullets elementor-widget elementor-widget-media-carousel\" data-id=\"f42351e\" data-element_type=\"widget\" data-e-type=\"widget\" data-settings=\"{&quot;slides_per_view&quot;:&quot;1&quot;,&quot;skin&quot;:&quot;carousel&quot;,&quot;effect&quot;:&quot;slide&quot;,&quot;pagination&quot;:&quot;bullets&quot;,&quot;speed&quot;:500,&quot;autoplay&quot;:&quot;yes&quot;,&quot;autoplay_speed&quot;:5000,&quot;loop&quot;:&quot;yes&quot;,&quot;pause_on_hover&quot;:&quot;yes&quot;,&quot;pause_on_interaction&quot;:&quot;yes&quot;,&quot;space_between&quot;:{&quot;unit&quot;:&quot;px&quot;,&quot;size&quot;:10,&quot;sizes&quot;:[]},&quot;space_between_tablet&quot;:{&quot;unit&quot;:&quot;px&quot;,&quot;size&quot;:10,&quot;sizes&quot;:[]},&quot;space_between_mobile&quot;:{&quot;unit&quot;:&quot;px&quot;,&quot;size&quot;:10,&quot;sizes&quot;:[]}}\" data-widget_type=\"media-carousel.default\">\n\t\t\t\t<div class=\"elementor-widget-container\">\n\t\t\t\t\t\t\t\t\t<div class=\"elementor-swiper\">\n\t\t\t\t\t<div class=\"elementor-main-swiper swiper\" role=\"region\" aria-roledescription=\"carousel\" aria-label=\"Slides\">\n\t\t\t\t<div class=\"swiper-wrapper\">\n\t\t\t\t\t\t\t\t\t\t\t<div class=\"swiper-slide\" role=\"group\" aria-roledescription=\"slide\">\n\t\t\t\t\t\t\t\t\t<div class=\"elementor-carousel-image\" role=\"img\" aria-label=\"image-01t\" style=\"background-image: url(&#039;https:\/\/www.mathez-art-logistics.com\/wp-content\/uploads\/2021\/08\/image-01t.jpg&#039;)\">\n\n\t\t\t\n\t\t\t\t\t<\/div>\n\t\t\t\t\t\t\t\t<\/div>\n\t\t\t\t\t\t\t\t\t\t\t<div class=\"swiper-slide\" role=\"group\" aria-roledescription=\"slide\">\n\t\t\t\t\t\t\t\t\t<div class=\"elementor-carousel-image\" role=\"img\" aria-label=\"image-02\" style=\"background-image: url(&#039;https:\/\/www.mathez-art-logistics.com\/wp-content\/uploads\/2021\/08\/image-02.jpg&#039;)\">\n\n\t\t\t\n\t\t\t\t\t<\/div>\n\t\t\t\t\t\t\t\t<\/div>\n\t\t\t\t\t\t\t\t\t\t\t<div class=\"swiper-slide\" role=\"group\" aria-roledescription=\"slide\">\n\t\t\t\t\t\t\t\t\t<div class=\"elementor-carousel-image\" role=\"img\" aria-label=\"image-03\" style=\"background-image: url(&#039;https:\/\/www.mathez-art-logistics.com\/wp-content\/uploads\/2021\/08\/image-03.jpg&#039;)\">\n\n\t\t\t\n\t\t\t\t\t<\/div>\n\t\t\t\t\t\t\t\t<\/div>\n\t\t\t\t\t\t\t\t\t\t\t<div class=\"swiper-slide\" role=\"group\" aria-roledescription=\"slide\">\n\t\t\t\t\t\t\t\t\t<div class=\"elementor-carousel-image\" role=\"img\" aria-label=\"image-04\" style=\"background-image: url(&#039;https:\/\/www.mathez-art-logistics.com\/wp-content\/uploads\/2021\/08\/image-04.jpg&#039;)\">\n\n\t\t\t\n\t\t\t\t\t<\/div>\n\t\t\t\t\t\t\t\t<\/div>\n\t\t\t\t\t\t\t\t\t\t\t<div class=\"swiper-slide\" role=\"group\" aria-roledescription=\"slide\">\n\t\t\t\t\t\t\t\t\t<div class=\"elementor-carousel-image\" role=\"img\" aria-label=\"image-05\" style=\"background-image: url(&#039;https:\/\/www.mathez-art-logistics.com\/wp-content\/uploads\/2021\/08\/image-05.jpg&#039;)\">\n\n\t\t\t\n\t\t\t\t\t<\/div>\n\t\t\t\t\t\t\t\t<\/div>\n\t\t\t\t\t\t\t\t\t\t\t<div class=\"swiper-slide\" role=\"group\" aria-roledescription=\"slide\">\n\t\t\t\t\t\t\t\t\t<div class=\"elementor-carousel-image\" role=\"img\" aria-label=\"image-06\" style=\"background-image: url(&#039;https:\/\/www.mathez-art-logistics.com\/wp-content\/uploads\/2021\/08\/image-06.jpg&#039;)\">\n\n\t\t\t\n\t\t\t\t\t<\/div>\n\t\t\t\t\t\t\t\t<\/div>\n\t\t\t\t\t\t\t\t\t<\/div>\n\t\t\t\t\t\t\t\t\t\t\t\t\t\t\t\t\t\t\t\t<div class=\"swiper-pagination\"><\/div>\n\t\t\t\t\t\t\t\t\t\t\t\t<\/div>\n\t\t\t\t<\/div>\n\t\t\t\t\t\t\t\t<\/div>\n\t\t\t\t<\/div>\n\t\t\t\t\t<\/div>\n\t\t<\/div>\n\t\t\t\t\t<\/div>\n\t\t<\/section>\n\t\t\t\t\t<\/div>\n\t\t<\/div>\n\t\t\t\t\t<\/div>\n\t\t<\/section>\n\t\t\t\t<\/div>\n\t\t","protected":false},"excerpt":{"rendered":"<p>Le transport dans les r\u00e8gles de l\u2019Art Parce qu\u2019une \u0153uvre est irrempla\u00e7able, nous mettons \u00e0 votre disposition notre&nbsp;savoir-faire&nbsp;pour qu\u2019elle voyage dans les meilleures conditions \u00e0 chacun de ses mouvements. Vous nous expliquez vos contraintes (sp\u00e9cificit\u00e9s de l\u2019\u0153uvre, dimensions, urgence), et nous vous proposons un service&nbsp;adapt\u00e9&nbsp;et optimis\u00e9 \u00e0 vos besoins. Avec plus de 13000 partenaires dans [&hellip;]<\/p>\n","protected":false},"author":1,"featured_media":0,"parent":0,"menu_order":0,"comment_status":"closed","ping_status":"closed","template":"","meta":{"iawp_total_views":173,"footnotes":""},"class_list":["post-271","page","type-page","status-publish","hentry"],"_links":{"self":[{"href":"https:\/\/www.mathez-art-logistics.com\/fr\/wp-json\/wp\/v2\/pages\/271","targetHints":{"allow":["GET"]}}],"collection":[{"href":"https:\/\/www.mathez-art-logistics.com\/fr\/wp-json\/wp\/v2\/pages"}],"about":[{"href":"https:\/\/www.mathez-art-logistics.com\/fr\/wp-json\/wp\/v2\/types\/page"}],"author":[{"embeddable":true,"href":"https:\/\/www.mathez-art-logistics.com\/fr\/wp-json\/wp\/v2\/users\/1"}],"replies":[{"embeddable":true,"href":"https:\/\/www.mathez-art-logistics.com\/fr\/wp-json\/wp\/v2\/comments?post=271"}],"version-history":[{"count":19,"href":"https:\/\/www.mathez-art-logistics.com\/fr\/wp-json\/wp\/v2\/pages\/271\/revisions"}],"predecessor-version":[{"id":1163,"href":"https:\/\/www.mathez-art-logistics.com\/fr\/wp-json\/wp\/v2\/pages\/271\/revisions\/1163"}],"wp:attachment":[{"href":"https:\/\/www.mathez-art-logistics.com\/fr\/wp-json\/wp\/v2\/media?parent=271"}],"curies":[{"name":"wp","href":"https:\/\/api.w.org\/{rel}","templated":true}]}}