{"id":1005,"date":"2024-04-30T13:58:46","date_gmt":"2024-04-30T11:58:46","guid":{"rendered":"https:\/\/www.mathez-art-logistics.com\/?page_id=1005"},"modified":"2024-04-30T14:48:11","modified_gmt":"2024-04-30T12:48:11","slug":"cookies","status":"publish","type":"page","link":"https:\/\/www.mathez-art-logistics.com\/fr\/cookies\/","title":{"rendered":"Cookies"},"content":{"rendered":"\t\t<div data-elementor-type=\"wp-page\" data-elementor-id=\"1005\" class=\"elementor elementor-1005\" data-elementor-post-type=\"page\">\n\t\t\t\t\t\t<section class=\"elementor-section elementor-top-section elementor-element elementor-element-1027564c elementor-section-boxed elementor-section-height-default elementor-section-height-default\" data-id=\"1027564c\" data-element_type=\"section\">\n\t\t\t\t\t\t<div class=\"elementor-container elementor-column-gap-default\">\n\t\t\t\t\t<div class=\"elementor-column elementor-col-100 elementor-top-column elementor-element elementor-element-4cb55e77\" data-id=\"4cb55e77\" data-element_type=\"column\">\n\t\t\t<div class=\"elementor-widget-wrap elementor-element-populated\">\n\t\t\t\t\t\t<div class=\"elementor-element elementor-element-1f3ad739 dbl-sliders elementor--h-position-center elementor--v-position-middle elementor-arrows-position-inside elementor-widget elementor-widget-slides\" data-id=\"1f3ad739\" data-element_type=\"widget\" data-settings=\"{&quot;navigation&quot;:&quot;arrows&quot;,&quot;autoplay&quot;:&quot;yes&quot;,&quot;pause_on_hover&quot;:&quot;yes&quot;,&quot;pause_on_interaction&quot;:&quot;yes&quot;,&quot;autoplay_speed&quot;:5000,&quot;infinite&quot;:&quot;yes&quot;,&quot;transition&quot;:&quot;slide&quot;,&quot;transition_speed&quot;:500}\" data-widget_type=\"slides.default\">\n\t\t\t\t<div class=\"elementor-widget-container\">\n\t\t\t\t\t\t\t\t\t<div class=\"elementor-swiper\">\n\t\t\t\t\t<div class=\"elementor-slides-wrapper elementor-main-swiper swiper\" role=\"region\" aria-roledescription=\"carousel\" aria-label=\"Slides\" dir=\"ltr\" data-animation=\"fadeInUp\">\n\t\t\t\t<div class=\"swiper-wrapper elementor-slides\">\n\t\t\t\t\t\t\t\t\t\t<div class=\"elementor-repeater-item-5f98e04 swiper-slide\" role=\"group\" aria-roledescription=\"slide\"><div class=\"swiper-slide-bg\" role=\"img\"><\/div><div class=\"swiper-slide-inner\" ><div class=\"swiper-slide-contents\"><div class=\"elementor-slide-heading\">Politique relative aux cookies<\/div><\/div><\/div><\/div>\t\t\t\t<\/div>\n\t\t\t\t\t\t\t<\/div>\n\t\t\t\t<\/div>\n\t\t\t\t\t\t\t\t<\/div>\n\t\t\t\t<\/div>\n\t\t\t\t\t<\/div>\n\t\t<\/div>\n\t\t\t\t\t<\/div>\n\t\t<\/section>\n\t\t\t\t<section class=\"elementor-section elementor-top-section elementor-element elementor-element-6f745cec elementor-section-boxed elementor-section-height-default elementor-section-height-default\" data-id=\"6f745cec\" data-element_type=\"section\" data-settings=\"{&quot;background_background&quot;:&quot;classic&quot;}\">\n\t\t\t\t\t\t<div class=\"elementor-container elementor-column-gap-default\">\n\t\t\t\t\t<div class=\"elementor-column elementor-col-66 elementor-top-column elementor-element elementor-element-4b708801\" data-id=\"4b708801\" data-element_type=\"column\" data-settings=\"{&quot;background_background&quot;:&quot;classic&quot;}\">\n\t\t\t<div class=\"elementor-widget-wrap elementor-element-populated\">\n\t\t\t\t\t\t<div class=\"elementor-element elementor-element-435bcfd3 elementor-widget elementor-widget-heading\" data-id=\"435bcfd3\" data-element_type=\"widget\" data-widget_type=\"heading.default\">\n\t\t\t\t<div class=\"elementor-widget-container\">\n\t\t\t\t\t<h1 class=\"elementor-heading-title elementor-size-default\">Cookies<\/h1>\t\t\t\t<\/div>\n\t\t\t\t<\/div>\n\t\t\t\t<div class=\"elementor-element elementor-element-1aa071d elementor-widget elementor-widget-text-editor\" data-id=\"1aa071d\" data-element_type=\"widget\" data-widget_type=\"text-editor.default\">\n\t\t\t\t<div class=\"elementor-widget-container\">\n\t\t\t\t\t\t\t\t\t<h3>Qu&rsquo;est-ce qu&rsquo;un cookie ?<\/h3>\nUn cookie est un petit texte qui m\u00e9morise une information basique relative \u00e0 votre navigation sur un site. Il est envoy\u00e9 par le serveur et stock\u00e9 sur votre poste pour la dur\u00e9e de votre session, ou au-del\u00e0, pour vous reconna\u00eetre lors d\u2019une prochaine session.\nPour en savoir plus sur les cookies, voyez <a href=\"http:\/\/www.allaboutcookies.org\/fr\/\" target=\"_blank\" rel=\"noopener\">allaboutcookies.org<\/a> (en fran\u00e7ais).\n<h3>Pour ce site utilise-t-il des cookies ?<\/h3>\nLes cookies suivant sont des <b>cookies internes indispensables<\/b>, c\u2019est \u00e0 dire constitutifs de notre site:\n<ul>\n \t<li>Pour vous permettre d\u2019utiliser les <b>fonctions li\u00e9es au CMS WordPress<\/b> &gt; <a href=\"https:\/\/codex.wordpress.org\/WordPress_Cookies\" target=\"_blank\" rel=\"noopener\">cookies WordPress<\/a> .<\/li>\n \t<li>Pour m\u00e9moriser vos pr\u00e9f\u00e9rences concernant l\u2019affichage de <b>l\u2019alerte cookies <\/b>et l\u2019acceptation des cookies. &gt; <a href=\"https:\/\/www.webtoffee.com\/product\/gdpr-cookie-consent\/\" target=\"_blank\" rel=\"noopener\">GDPR Cookie Consent<\/a><\/li>\n \t<li>Pour m\u00e9moriser vos pr\u00e9f\u00e9rences de <strong>langues &gt; <\/strong><a href=\"https:\/\/wpml.org\/documentation\/support\/browser-cookies-stored-wpml\/\" target=\"_blank\" rel=\"noopener\">cookie WPML. <\/a><\/li>\n<\/ul>\nLes\u00a0<strong>services tiers<\/strong>\u00a0suivant peuvent solliciter des <strong>cookies de statistiques et de profilage<\/strong>:\n<ul>\n \t<li><strong>Tawk.to<\/strong> pour le bon fonctionnement de la solution de <strong>discussion instantan\u00e9e<\/strong>, propos\u00e9e par Tawk.to Ltd.\u00a0 Tawk.to a une politique de protection des donn\u00e9es claire, qui pr\u00e9cise qu&rsquo;ils ne sont pas impliqu\u00e9s dans des processus de collection, analyse ou marketing de donn\u00e9es.\n&gt; Politique de protection des donn\u00e9es <a href=\"https:\/\/www.tawk.to\/data-protection\/\" target=\"_blank\" rel=\"noopener\">tawk.to<\/a>.<\/li>\n \t<li><strong>Google<\/strong> pour la visualisation des cartes <strong>Google Maps<\/strong>.<\/li>\n \t<li><strong>Google Tag Manager<\/strong> pour la mesure d\u2019audience via <b>Google Analytics<\/b>\n&gt; Voir les <a href=\"https:\/\/www.google.com\/policies\/technologies\/cookies\/\" target=\"_blank\" rel=\"noopener\">cookies Google<\/a>\u00a0et le\u00a0<a href=\"https:\/\/www.google.com\/analytics\/learn\/privacy.html\" target=\"_blank\" rel=\"noopener\">respect de la vie priv\u00e9e<\/a>\u00a0par Google.<\/li>\n<\/ul>\nSi vous cliquez, depuis notre site, sur les <strong>outils de partage des m\u00e9dias sociaux<\/strong>, vous quittez notre site et ouvrez les fen\u00eatres de partage correspondant: les cookies d\u00e9pos\u00e9s et le traitement de vos donn\u00e9es rel\u00e8ve alors des politiques\u00a0<a style=\"background-color: #ffffff;\" href=\"https:\/\/www.facebook.com\/privacy\/explanation\" target=\"_blank\" rel=\"noopener\">Facebook<\/a>,<a style=\"background-color: #ffffff;\" href=\"https:\/\/help.twitter.com\/fr\/rules-and-policies\/data-processing-legal-bases\" target=\"_blank\" rel=\"noopener\">Twitter\u00a0<\/a>et\u00a0<a style=\"background-color: #ffffff;\" href=\"https:\/\/www.linkedin.com\/legal\/privacy-policy?_l=fr_FR\" target=\"_blank\" rel=\"noopener\">LinkedIn <\/a>correspondantes.\n<h3>Comment sont pos\u00e9s les cookies ?<\/h3>\nLes <strong>cookies internes<\/strong> sont pos\u00e9s automatiquement lors de votre acc\u00e8s au site.\n\nLors de votre premier acc\u00e8s sur le site, nous vous demandons si vous acceptez les <b>cookies tiers<\/b>. Vous pouvez les refuser, et la page se rechargera pour vous permettre de poursuivre une navigation sans cookie statistique ou de profilage.\nNous vous conseillons de les accepter, car sinon certaines fonctionnalit\u00e9s ne seront pas disponibles (maps, etc) .\n\nA noter: la poursuite de votre navigation sur le site sans refus sera trait\u00e9e comme <strong>acceptation implicite<\/strong>.\n\nVos pr\u00e9f\u00e9rences d\u2019acceptation sont m\u00e9moris\u00e9es pour une p\u00e9riode de <strong>90 jours<\/strong>.\n\nPour revenir sur vos pr\u00e9f\u00e9rences cookies:\n<br><br>\n<center><a class=\"cky-banner-element\">Cookie Settings<\/a><\/center>\n<br><br>\n<h3>Quels sont les cookies pos\u00e9s par MATHEZ ART LOGISTICS ?<\/h3>\n<div class=\"cky-audit-table-element\"><\/div>\n<h3>Et si vous ne voulez aucun cookie ?<\/h3>\n<div>\n\nA tout moment, vous pouvez supprimer les cookies de votre poste \u00e0 posteriori. Vous pouvez \u00e9galement refuser les cookies \u00e0 priori.\nSi vous ne souhaitez enregistrer aucun cookie sur votre poste lors de votre navigation sur notre site, vous devez l\u2019interdire via le <strong>param\u00e9trage de votre navigateur<\/strong>. Reportez-vous au mode d\u2019emploi (<a href=\"http:\/\/windows.microsoft.com\/fr-fr\/internet-explorer\/delete-manage-cookies#ie=ie-11\" target=\"_blank\" rel=\"noopener\">Internet Explorer<\/a>,\u00a0<a href=\"https:\/\/support.google.com\/chrome\/answer\/95647?co=GENIE.Platform%3DDesktop&amp;hl=fr\" target=\"_blank\" rel=\"noopener\">Chrome<\/a>,\u00a0<a href=\"https:\/\/support.mozilla.org\/fr\/products\/firefox\/protect-your-privacy\" target=\"_blank\" rel=\"noopener\">Firefox<\/a>,\u00a0<a href=\"http:\/\/help.opera.com\/Windows\/10.20\/fr\/cookies.html\" target=\"_blank\" rel=\"noopener\">Opera\u00a0<\/a>ou autre).\n\n<\/div>\t\t\t\t\t\t\t\t<\/div>\n\t\t\t\t<\/div>\n\t\t\t\t\t<\/div>\n\t\t<\/div>\n\t\t\t\t<div class=\"elementor-column elementor-col-33 elementor-top-column elementor-element elementor-element-e90fc8\" data-id=\"e90fc8\" data-element_type=\"column\" data-settings=\"{&quot;background_background&quot;:&quot;classic&quot;}\">\n\t\t\t<div class=\"elementor-widget-wrap elementor-element-populated\">\n\t\t\t\t\t<div class=\"elementor-background-overlay\"><\/div>\n\t\t\t\t\t\t<section class=\"elementor-section elementor-inner-section elementor-element elementor-element-601ca66e elementor-section-boxed elementor-section-height-default elementor-section-height-default\" data-id=\"601ca66e\" data-element_type=\"section\">\n\t\t\t\t\t\t<div class=\"elementor-container elementor-column-gap-default\">\n\t\t\t\t\t<div class=\"elementor-column elementor-col-100 elementor-inner-column elementor-element elementor-element-4fa3fd5b\" data-id=\"4fa3fd5b\" data-element_type=\"column\" data-settings=\"{&quot;background_background&quot;:&quot;classic&quot;}\">\n\t\t\t<div class=\"elementor-widget-wrap elementor-element-populated\">\n\t\t\t\t\t\t<div class=\"elementor-element elementor-element-790fa17 elementor-widget elementor-widget-spacer\" data-id=\"790fa17\" data-element_type=\"widget\" data-widget_type=\"spacer.default\">\n\t\t\t\t<div class=\"elementor-widget-container\">\n\t\t\t\t\t\t\t<div class=\"elementor-spacer\">\n\t\t\t<div class=\"elementor-spacer-inner\"><\/div>\n\t\t<\/div>\n\t\t\t\t\t\t<\/div>\n\t\t\t\t<\/div>\n\t\t\t\t<div class=\"elementor-element elementor-element-615b4d60 elementor-widget__width-initial elementor-widget elementor-widget-text-editor\" data-id=\"615b4d60\" data-element_type=\"widget\" data-widget_type=\"text-editor.default\">\n\t\t\t\t<div class=\"elementor-widget-container\">\n\t\t\t\t\t\t\t\t\tLe transport en toute s\u00e9r\u00e9nit\u00e9, apr\u00e8s une \u00e9tude approfondie vous recevrez une offre personnalis\u00e9e.\t\t\t\t\t\t\t\t<\/div>\n\t\t\t\t<\/div>\n\t\t\t\t<div class=\"elementor-element elementor-element-f42351e elementor-pagination-position-inside elementor-widget__width-initial elementor-skin-carousel elementor-pagination-type-bullets elementor-widget elementor-widget-media-carousel\" data-id=\"f42351e\" data-element_type=\"widget\" data-settings=\"{&quot;slides_per_view&quot;:&quot;1&quot;,&quot;skin&quot;:&quot;carousel&quot;,&quot;effect&quot;:&quot;slide&quot;,&quot;pagination&quot;:&quot;bullets&quot;,&quot;speed&quot;:500,&quot;autoplay&quot;:&quot;yes&quot;,&quot;autoplay_speed&quot;:5000,&quot;loop&quot;:&quot;yes&quot;,&quot;pause_on_hover&quot;:&quot;yes&quot;,&quot;pause_on_interaction&quot;:&quot;yes&quot;,&quot;space_between&quot;:{&quot;unit&quot;:&quot;px&quot;,&quot;size&quot;:10,&quot;sizes&quot;:[]},&quot;space_between_tablet&quot;:{&quot;unit&quot;:&quot;px&quot;,&quot;size&quot;:10,&quot;sizes&quot;:[]},&quot;space_between_mobile&quot;:{&quot;unit&quot;:&quot;px&quot;,&quot;size&quot;:10,&quot;sizes&quot;:[]}}\" data-widget_type=\"media-carousel.default\">\n\t\t\t\t<div class=\"elementor-widget-container\">\n\t\t\t\t\t\t\t\t\t<div class=\"elementor-swiper\">\n\t\t\t\t\t<div class=\"elementor-main-swiper swiper\" role=\"region\" aria-roledescription=\"carousel\" aria-label=\"Slides\">\n\t\t\t\t<div class=\"swiper-wrapper\">\n\t\t\t\t\t\t\t\t\t\t\t<div class=\"swiper-slide\" role=\"group\" aria-roledescription=\"slide\">\n\t\t\t\t\t\t\t\t\t<div class=\"elementor-carousel-image\" role=\"img\" aria-label=\"image-01t\" style=\"background-image: url(&#039;https:\/\/www.mathez-art-logistics.com\/wp-content\/uploads\/2021\/08\/image-01t.jpg&#039;)\">\n\n\t\t\t\n\t\t\t\t\t<\/div>\n\t\t\t\t\t\t\t\t<\/div>\n\t\t\t\t\t\t\t\t\t\t\t<div class=\"swiper-slide\" role=\"group\" aria-roledescription=\"slide\">\n\t\t\t\t\t\t\t\t\t<div class=\"elementor-carousel-image\" role=\"img\" aria-label=\"image-02\" style=\"background-image: url(&#039;https:\/\/www.mathez-art-logistics.com\/wp-content\/uploads\/2021\/08\/image-02.jpg&#039;)\">\n\n\t\t\t\n\t\t\t\t\t<\/div>\n\t\t\t\t\t\t\t\t<\/div>\n\t\t\t\t\t\t\t\t\t\t\t<div class=\"swiper-slide\" role=\"group\" aria-roledescription=\"slide\">\n\t\t\t\t\t\t\t\t\t<div class=\"elementor-carousel-image\" role=\"img\" aria-label=\"image-03\" style=\"background-image: url(&#039;https:\/\/www.mathez-art-logistics.com\/wp-content\/uploads\/2021\/08\/image-03.jpg&#039;)\">\n\n\t\t\t\n\t\t\t\t\t<\/div>\n\t\t\t\t\t\t\t\t<\/div>\n\t\t\t\t\t\t\t\t\t\t\t<div class=\"swiper-slide\" role=\"group\" aria-roledescription=\"slide\">\n\t\t\t\t\t\t\t\t\t<div class=\"elementor-carousel-image\" role=\"img\" aria-label=\"image-04\" style=\"background-image: url(&#039;https:\/\/www.mathez-art-logistics.com\/wp-content\/uploads\/2021\/08\/image-04.jpg&#039;)\">\n\n\t\t\t\n\t\t\t\t\t<\/div>\n\t\t\t\t\t\t\t\t<\/div>\n\t\t\t\t\t\t\t\t\t\t\t<div class=\"swiper-slide\" role=\"group\" aria-roledescription=\"slide\">\n\t\t\t\t\t\t\t\t\t<div class=\"elementor-carousel-image\" role=\"img\" aria-label=\"image-05\" style=\"background-image: url(&#039;https:\/\/www.mathez-art-logistics.com\/wp-content\/uploads\/2021\/08\/image-05.jpg&#039;)\">\n\n\t\t\t\n\t\t\t\t\t<\/div>\n\t\t\t\t\t\t\t\t<\/div>\n\t\t\t\t\t\t\t\t\t\t\t<div class=\"swiper-slide\" role=\"group\" aria-roledescription=\"slide\">\n\t\t\t\t\t\t\t\t\t<div class=\"elementor-carousel-image\" role=\"img\" aria-label=\"image-06\" style=\"background-image: url(&#039;https:\/\/www.mathez-art-logistics.com\/wp-content\/uploads\/2021\/08\/image-06.jpg&#039;)\">\n\n\t\t\t\n\t\t\t\t\t<\/div>\n\t\t\t\t\t\t\t\t<\/div>\n\t\t\t\t\t\t\t\t\t<\/div>\n\t\t\t\t\t\t\t\t\t\t\t\t\t\t\t\t\t\t\t\t<div class=\"swiper-pagination\"><\/div>\n\t\t\t\t\t\t\t\t\t\t\t\t<\/div>\n\t\t\t\t<\/div>\n\t\t\t\t\t\t\t\t<\/div>\n\t\t\t\t<\/div>\n\t\t\t\t\t<\/div>\n\t\t<\/div>\n\t\t\t\t\t<\/div>\n\t\t<\/section>\n\t\t\t\t\t<\/div>\n\t\t<\/div>\n\t\t\t\t\t<\/div>\n\t\t<\/section>\n\t\t\t\t<\/div>\n\t\t","protected":false},"excerpt":{"rendered":"<p>Politique relative aux cookies Qu&rsquo;est-ce qu&rsquo;un cookie ? Un cookie est un petit texte qui m\u00e9morise une information basique relative \u00e0 votre navigation sur un site. Il est envoy\u00e9 par le serveur et stock\u00e9 sur votre poste pour la dur\u00e9e de votre session, ou au-del\u00e0, pour vous reconna\u00eetre lors d\u2019une prochaine session. Pour en savoir [&hellip;]<\/p>\n","protected":false},"author":3,"featured_media":0,"parent":0,"menu_order":0,"comment_status":"closed","ping_status":"closed","template":"","meta":{"iawp_total_views":3,"footnotes":""},"class_list":["post-1005","page","type-page","status-publish","hentry"],"_links":{"self":[{"href":"https:\/\/www.mathez-art-logistics.com\/fr\/wp-json\/wp\/v2\/pages\/1005","targetHints":{"allow":["GET"]}}],"collection":[{"href":"https:\/\/www.mathez-art-logistics.com\/fr\/wp-json\/wp\/v2\/pages"}],"about":[{"href":"https:\/\/www.mathez-art-logistics.com\/fr\/wp-json\/wp\/v2\/types\/page"}],"author":[{"embeddable":true,"href":"https:\/\/www.mathez-art-logistics.com\/fr\/wp-json\/wp\/v2\/users\/3"}],"replies":[{"embeddable":true,"href":"https:\/\/www.mathez-art-logistics.com\/fr\/wp-json\/wp\/v2\/comments?post=1005"}],"version-history":[{"count":9,"href":"https:\/\/www.mathez-art-logistics.com\/fr\/wp-json\/wp\/v2\/pages\/1005\/revisions"}],"predecessor-version":[{"id":1020,"href":"https:\/\/www.mathez-art-logistics.com\/fr\/wp-json\/wp\/v2\/pages\/1005\/revisions\/1020"}],"wp:attachment":[{"href":"https:\/\/www.mathez-art-logistics.com\/fr\/wp-json\/wp\/v2\/media?parent=1005"}],"curies":[{"name":"wp","href":"https:\/\/api.w.org\/{rel}","templated":true}]}}